{"id":369,"date":"2025-07-23T16:57:21","date_gmt":"2025-07-23T16:57:21","guid":{"rendered":"https:\/\/630xqwbtcmo.preview.infomaniak.website\/?page_id=369"},"modified":"2025-09-15T08:23:06","modified_gmt":"2025-09-15T07:23:06","slug":"bio","status":"publish","type":"page","link":"https:\/\/haasarts.com\/en\/bio\/","title":{"rendered":"BIO"},"content":{"rendered":"<p>[et_pb_section fb_built=\u00a0\u00bb1&Prime; fullwidth=\u00a0\u00bbon\u00a0\u00bb _builder_version=\u00a0\u00bb4.27.4&Prime; _module_preset=\u00a0\u00bbdefault\u00a0\u00bb global_colors_info=\u00a0\u00bb{}\u00a0\u00bb][et_pb_fullwidth_header title=\u00a0\u00bbBIO\u00a0\u00bb _builder_version=\u00a0\u00bb4.27.4&Prime; _module_preset=\u00a0\u00bbdefault\u00a0\u00bb title_font=\u00a0\u00bbEl Messiri||||||||\u00a0\u00bb title_text_align=\u00a0\u00bbcenter\u00a0\u00bb background_color=\u00a0\u00bb#000000&Prime; global_colors_info=\u00a0\u00bb{}\u00a0\u00bb][\/et_pb_fullwidth_header][\/et_pb_section][et_pb_section fb_built=\u00a0\u00bb1&Prime; fullwidth=\u00a0\u00bbon\u00a0\u00bb _builder_version=\u00a0\u00bb4.27.4&Prime; _module_preset=\u00a0\u00bbdefault\u00a0\u00bb global_colors_info=\u00a0\u00bb{}\u00a0\u00bb][et_pb_fullwidth_image src=\u00a0\u00bbhttps:\/\/630xqwbtcmo.preview.infomaniak.website\/wp-content\/uploads\/2025\/07\/photobiowebthin.jpg\u00a0\u00bb title_text=\u00a0\u00bbphotobiowebthin\u00a0\u00bb _builder_version=\u00a0\u00bb4.27.4&Prime; _module_preset=\u00a0\u00bbdefault\u00a0\u00bb global_colors_info=\u00a0\u00bb{}\u00a0\u00bb][\/et_pb_fullwidth_image][\/et_pb_section][et_pb_section fb_built=\u00a0\u00bb1&Prime; _builder_version=\u00a0\u00bb4.27.4&Prime; _module_preset=\u00a0\u00bbdefault\u00a0\u00bb background_color=\u00a0\u00bb#000000&Prime; global_colors_info=\u00a0\u00bb{}\u00a0\u00bb][et_pb_row _builder_version=\u00a0\u00bb4.27.4&Prime; _module_preset=\u00a0\u00bbdefault\u00a0\u00bb max_height=\u00a0\u00bb1000px\u00a0\u00bb global_colors_info=\u00a0\u00bb{}\u00a0\u00bb][et_pb_column type=\u00a0\u00bb4_4&Prime; _builder_version=\u00a0\u00bb4.27.4&Prime; _module_preset=\u00a0\u00bbdefault\u00a0\u00bb global_colors_info=\u00a0\u00bb{}\u00a0\u00bb][et_pb_text _builder_version=\u00a0\u00bb4.27.4&Prime; _module_preset=\u00a0\u00bbdefault\u00a0\u00bb text_font=\u00a0\u00bbEl Messiri||||||||\u00a0\u00bb text_text_color=\u00a0\u00bb#a5a5a5&Prime; text_font_size=\u00a0\u00bb22px\u00a0\u00bb text_line_height=\u00a0\u00bb1em\u00a0\u00bb text_orientation=\u00a0\u00bbcenter\u00a0\u00bb custom_margin=\u00a0\u00bb52px||52px||true|false\u00a0\u00bb text_font_size_tablet=\u00a0\u00bb21px\u00a0\u00bb text_font_size_phone=\u00a0\u00bb17px\u00a0\u00bb text_font_size_last_edited=\u00a0\u00bbon|tablet\u00a0\u00bb global_colors_info=\u00a0\u00bb{}\u00a0\u00bb]<\/p>\n<p>Born in Paris to a German family, I am a multidisciplinary visual artist.<br \/>I decided to devote myself fully to my art after completing a double Master's degree in visual anthropology at Sciences Po Paris and the \u00c9cole du Louvre.<br \/>My artistic practice draws on visual and theoretical references that I have assimilated during my studies and travels.<br \/>I have diversified my artistic practice, paying particular attention to the use of ink techniques and abstract life drawing.<\/p>\n<p>[\/et_pb_text][\/et_pb_column][\/et_pb_row][et_pb_row _builder_version=\u00a0\u00bb4.27.4&Prime; _module_preset=\u00a0\u00bbdefault\u00a0\u00bb global_colors_info=\u00a0\u00bb{}\u00a0\u00bb][et_pb_column type=\u00a0\u00bb4_4&Prime; _builder_version=\u00a0\u00bb4.27.4&Prime; _module_preset=\u00a0\u00bbdefault\u00a0\u00bb global_colors_info=\u00a0\u00bb{}\u00a0\u00bb][et_pb_video src=\u00a0\u00bbhttps:\/\/www.youtube.com\/watch?v=4qsKQ3iD-T4&Prime; _builder_version=\u00a0\u00bb4.27.4&Prime; _module_preset=\u00a0\u00bbdefault\u00a0\u00bb global_colors_info=\u00a0\u00bb{}\u00a0\u00bb][\/et_pb_video][\/et_pb_column][\/et_pb_row][et_pb_row column_structure=\u00a0\u00bb1_2,1_2&Prime; _builder_version=\u00a0\u00bb4.27.4&Prime; _module_preset=\u00a0\u00bbdefault\u00a0\u00bb global_colors_info=\u00a0\u00bb{}\u00a0\u00bb][et_pb_column type=\u00a0\u00bb1_2&Prime; _builder_version=\u00a0\u00bb4.27.4&Prime; _module_preset=\u00a0\u00bbdefault\u00a0\u00bb global_colors_info=\u00a0\u00bb{}\u00a0\u00bb][et_pb_post_slider include_categories=\u00a0\u00bb5&Prime; show_meta=\u00a0\u00bboff\u00a0\u00bb image_placement=\u00a0\u00bbtop\u00a0\u00bb show_image_video_mobile=\u00a0\u00bbon\u00a0\u00bb _builder_version=\u00a0\u00bb4.27.4&Prime; _module_preset=\u00a0\u00bbdefault\u00a0\u00bb background_color=\u00a0\u00bb#000000&Prime; global_colors_info=\u00a0\u00bb{}\u00a0\u00bb][\/et_pb_post_slider][\/et_pb_column][et_pb_column type=\u00a0\u00bb1_2&Prime; _builder_version=\u00a0\u00bb4.27.4&Prime; _module_preset=\u00a0\u00bbdefault\u00a0\u00bb global_colors_info=\u00a0\u00bb{}\u00a0\u00bb][et_pb_post_slider include_categories=\u00a0\u00bb13&Prime; show_meta=\u00a0\u00bboff\u00a0\u00bb image_placement=\u00a0\u00bbtop\u00a0\u00bb show_image_video_mobile=\u00a0\u00bbon\u00a0\u00bb _builder_version=\u00a0\u00bb4.27.4&Prime; _module_preset=\u00a0\u00bbdefault\u00a0\u00bb background_color=\u00a0\u00bb#000000&Prime; custom_padding=\u00a0\u00bb|33px||||\u00a0\u00bb hover_enabled=\u00a0\u00bb0&Prime; global_colors_info=\u00a0\u00bb{}\u00a0\u00bb sticky_enabled=\u00a0\u00bb0&Prime;][\/et_pb_post_slider][\/et_pb_column][\/et_pb_row][\/et_pb_section][et_pb_section fb_built=\u00a0\u00bb1&Prime; _builder_version=\u00a0\u00bb4.27.4&Prime; _module_preset=\u00a0\u00bbdefault\u00a0\u00bb background_color=\u00a0\u00bb#000000&Prime; global_colors_info=\u00a0\u00bb{}\u00a0\u00bb][et_pb_row _builder_version=\u00a0\u00bb4.27.4&Prime; _module_preset=\u00a0\u00bbdefault\u00a0\u00bb global_colors_info=\u00a0\u00bb{}\u00a0\u00bb][et_pb_column type=\u00a0\u00bb4_4&Prime; _builder_version=\u00a0\u00bb4.27.4&Prime; _module_preset=\u00a0\u00bbdefault\u00a0\u00bb global_colors_info=\u00a0\u00bb{}\u00a0\u00bb][et_pb_image src=\u00a0\u00bbhttps:\/\/630xqwbtcmo.preview.infomaniak.website\/wp-content\/uploads\/2025\/08\/Art-expositions-CHAASE1.jpg\u00a0\u00bb title_text=\u00a0\u00bbArt expositions CHAASE1&Prime; _builder_version=\u00a0\u00bb4.27.4&Prime; _module_preset=\u00a0\u00bbdefault\u00a0\u00bb global_colors_info=\u00a0\u00bb{}\u00a0\u00bb][\/et_pb_image][\/et_pb_column][\/et_pb_row][\/et_pb_section]<\/p>","protected":false},"excerpt":{"rendered":"<p>N\u00e9 \u00e0 Paris d\u2019une famille allemande, je suis un artiste visuel pluridisplinaire.J\u2019ai d\u00e9cid\u00e9 de me consacrer pleinement \u00e0 mon art apr\u00e8s un double Master de Sciences Po Paris et de l\u2019Ecole du Louvre, dans le champ de l\u2019anthropologie visuelle.Ma pratique artistique se nourrit de r\u00e9f\u00e9rences visuelles et th\u00e9oriques que j\u2019ai assimil\u00e9es lors de mes \u00e9tudes [&hellip;]<\/p>","protected":false},"author":1,"featured_media":0,"parent":0,"menu_order":0,"comment_status":"closed","ping_status":"closed","template":"","meta":{"_et_pb_use_builder":"on","_et_pb_old_content":"","_et_gb_content_width":"","inline_featured_image":false,"footnotes":""},"dipi_cpt_category":[],"class_list":["post-369","page","type-page","status-publish","hentry"],"yoast_head":"<!-- This site is optimized with the Yoast SEO plugin v25.5 - https:\/\/yoast.com\/wordpress\/plugins\/seo\/ -->\n<title>BIO - haasarts.com<\/title>\n<meta name=\"robots\" content=\"index, follow, max-snippet:-1, max-image-preview:large, max-video-preview:-1\" \/>\n<link rel=\"canonical\" href=\"https:\/\/haasarts.com\/en\/bio\/\" \/>\n<meta property=\"og:locale\" content=\"en_GB\" \/>\n<meta property=\"og:type\" content=\"article\" \/>\n<meta property=\"og:title\" content=\"BIO - haasarts.com\" \/>\n<meta property=\"og:description\" content=\"N\u00e9 \u00e0 Paris d\u2019une famille allemande, je suis un artiste visuel pluridisplinaire.J\u2019ai d\u00e9cid\u00e9 de me consacrer pleinement \u00e0 mon art apr\u00e8s un double Master de Sciences Po Paris et de l\u2019Ecole du Louvre, dans le champ de l\u2019anthropologie visuelle.Ma pratique artistique se nourrit de r\u00e9f\u00e9rences visuelles et th\u00e9oriques que j\u2019ai assimil\u00e9es lors de mes \u00e9tudes [&hellip;]\" \/>\n<meta property=\"og:url\" content=\"https:\/\/haasarts.com\/en\/bio\/\" \/>\n<meta property=\"og:site_name\" content=\"haasarts.com\" \/>\n<meta property=\"article:modified_time\" content=\"2025-09-15T07:23:06+00:00\" \/>\n<meta name=\"twitter:card\" content=\"summary_large_image\" \/>\n<meta name=\"twitter:label1\" content=\"Est. reading time\" \/>\n\t<meta name=\"twitter:data1\" content=\"4 minutes\" \/>\n<script type=\"application\/ld+json\" class=\"yoast-schema-graph\">{\"@context\":\"https:\/\/schema.org\",\"@graph\":[{\"@type\":\"WebPage\",\"@id\":\"https:\/\/haasarts.com\/bio\/\",\"url\":\"https:\/\/haasarts.com\/bio\/\",\"name\":\"BIO - haasarts.com\",\"isPartOf\":{\"@id\":\"https:\/\/haasarts.com\/#website\"},\"datePublished\":\"2025-07-23T16:57:21+00:00\",\"dateModified\":\"2025-09-15T07:23:06+00:00\",\"breadcrumb\":{\"@id\":\"https:\/\/haasarts.com\/bio\/#breadcrumb\"},\"inLanguage\":\"en-GB\",\"potentialAction\":[{\"@type\":\"ReadAction\",\"target\":[\"https:\/\/haasarts.com\/bio\/\"]}]},{\"@type\":\"BreadcrumbList\",\"@id\":\"https:\/\/haasarts.com\/bio\/#breadcrumb\",\"itemListElement\":[{\"@type\":\"ListItem\",\"position\":1,\"name\":\"Accueil\",\"item\":\"https:\/\/haasarts.com\/\"},{\"@type\":\"ListItem\",\"position\":2,\"name\":\"BIO\"}]},{\"@type\":\"WebSite\",\"@id\":\"https:\/\/haasarts.com\/#website\",\"url\":\"https:\/\/haasarts.com\/\",\"name\":\"haasarts.com\",\"description\":\"\",\"publisher\":{\"@id\":\"https:\/\/haasarts.com\/#\/schema\/person\/c94365671cc7158cd1c1879a938941f2\"},\"potentialAction\":[{\"@type\":\"SearchAction\",\"target\":{\"@type\":\"EntryPoint\",\"urlTemplate\":\"https:\/\/haasarts.com\/?s={search_term_string}\"},\"query-input\":{\"@type\":\"PropertyValueSpecification\",\"valueRequired\":true,\"valueName\":\"search_term_string\"}}],\"inLanguage\":\"en-GB\"},{\"@type\":[\"Person\",\"Organization\"],\"@id\":\"https:\/\/haasarts.com\/#\/schema\/person\/c94365671cc7158cd1c1879a938941f2\",\"name\":\"haasarts.com\",\"image\":{\"@type\":\"ImageObject\",\"inLanguage\":\"en-GB\",\"@id\":\"https:\/\/haasarts.com\/#\/schema\/person\/image\/\",\"url\":\"https:\/\/630xqwbtcmo.preview.infomaniak.website\/wp-content\/uploads\/2025\/07\/logoatemporel2.svg\",\"contentUrl\":\"https:\/\/630xqwbtcmo.preview.infomaniak.website\/wp-content\/uploads\/2025\/07\/logoatemporel2.svg\",\"width\":\"1024\",\"height\":\"1024\",\"caption\":\"haasarts.com\"},\"logo\":{\"@id\":\"https:\/\/haasarts.com\/#\/schema\/person\/image\/\"},\"description\":\"Artiste contemporain n\u00e9 en 1998.\",\"sameAs\":[\"http:\/\/630xqwbtcmo.preview.infomaniak.website\",\"https:\/\/www.instagram.com\/haasarts\/\",\"https:\/\/www.linkedin.com\/in\/christoph-haase-444a74247\/\"]}]}<\/script>\n<!-- \/ Yoast SEO plugin. -->","yoast_head_json":{"title":"BIO - haasarts.com","robots":{"index":"index","follow":"follow","max-snippet":"max-snippet:-1","max-image-preview":"max-image-preview:large","max-video-preview":"max-video-preview:-1"},"canonical":"https:\/\/haasarts.com\/en\/bio\/","og_locale":"en_GB","og_type":"article","og_title":"BIO - haasarts.com","og_description":"N\u00e9 \u00e0 Paris d\u2019une famille allemande, je suis un artiste visuel pluridisplinaire.J\u2019ai d\u00e9cid\u00e9 de me consacrer pleinement \u00e0 mon art apr\u00e8s un double Master de Sciences Po Paris et de l\u2019Ecole du Louvre, dans le champ de l\u2019anthropologie visuelle.Ma pratique artistique se nourrit de r\u00e9f\u00e9rences visuelles et th\u00e9oriques que j\u2019ai assimil\u00e9es lors de mes \u00e9tudes [&hellip;]","og_url":"https:\/\/haasarts.com\/en\/bio\/","og_site_name":"haasarts.com","article_modified_time":"2025-09-15T07:23:06+00:00","twitter_card":"summary_large_image","twitter_misc":{"Est. reading time":"4 minutes"},"schema":{"@context":"https:\/\/schema.org","@graph":[{"@type":"WebPage","@id":"https:\/\/haasarts.com\/bio\/","url":"https:\/\/haasarts.com\/bio\/","name":"BIO - haasarts.com","isPartOf":{"@id":"https:\/\/haasarts.com\/#website"},"datePublished":"2025-07-23T16:57:21+00:00","dateModified":"2025-09-15T07:23:06+00:00","breadcrumb":{"@id":"https:\/\/haasarts.com\/bio\/#breadcrumb"},"inLanguage":"en-GB","potentialAction":[{"@type":"ReadAction","target":["https:\/\/haasarts.com\/bio\/"]}]},{"@type":"BreadcrumbList","@id":"https:\/\/haasarts.com\/bio\/#breadcrumb","itemListElement":[{"@type":"ListItem","position":1,"name":"Accueil","item":"https:\/\/haasarts.com\/"},{"@type":"ListItem","position":2,"name":"BIO"}]},{"@type":"WebSite","@id":"https:\/\/haasarts.com\/#website","url":"https:\/\/haasarts.com\/","name":"haasarts.com","description":"","publisher":{"@id":"https:\/\/haasarts.com\/#\/schema\/person\/c94365671cc7158cd1c1879a938941f2"},"potentialAction":[{"@type":"SearchAction","target":{"@type":"EntryPoint","urlTemplate":"https:\/\/haasarts.com\/?s={search_term_string}"},"query-input":{"@type":"PropertyValueSpecification","valueRequired":true,"valueName":"search_term_string"}}],"inLanguage":"en-GB"},{"@type":["Person","Organization"],"@id":"https:\/\/haasarts.com\/#\/schema\/person\/c94365671cc7158cd1c1879a938941f2","name":"haasarts.com","image":{"@type":"ImageObject","inLanguage":"en-GB","@id":"https:\/\/haasarts.com\/#\/schema\/person\/image\/","url":"https:\/\/630xqwbtcmo.preview.infomaniak.website\/wp-content\/uploads\/2025\/07\/logoatemporel2.svg","contentUrl":"https:\/\/630xqwbtcmo.preview.infomaniak.website\/wp-content\/uploads\/2025\/07\/logoatemporel2.svg","width":"1024","height":"1024","caption":"haasarts.com"},"logo":{"@id":"https:\/\/haasarts.com\/#\/schema\/person\/image\/"},"description":"Artiste contemporain n\u00e9 en 1998.","sameAs":["http:\/\/630xqwbtcmo.preview.infomaniak.website","https:\/\/www.instagram.com\/haasarts\/","https:\/\/www.linkedin.com\/in\/christoph-haase-444a74247\/"]}]}},"_links":{"self":[{"href":"https:\/\/haasarts.com\/en\/wp-json\/wp\/v2\/pages\/369","targetHints":{"allow":["GET"]}}],"collection":[{"href":"https:\/\/haasarts.com\/en\/wp-json\/wp\/v2\/pages"}],"about":[{"href":"https:\/\/haasarts.com\/en\/wp-json\/wp\/v2\/types\/page"}],"author":[{"embeddable":true,"href":"https:\/\/haasarts.com\/en\/wp-json\/wp\/v2\/users\/1"}],"replies":[{"embeddable":true,"href":"https:\/\/haasarts.com\/en\/wp-json\/wp\/v2\/comments?post=369"}],"version-history":[{"count":6,"href":"https:\/\/haasarts.com\/en\/wp-json\/wp\/v2\/pages\/369\/revisions"}],"predecessor-version":[{"id":975,"href":"https:\/\/haasarts.com\/en\/wp-json\/wp\/v2\/pages\/369\/revisions\/975"}],"wp:attachment":[{"href":"https:\/\/haasarts.com\/en\/wp-json\/wp\/v2\/media?parent=369"}],"wp:term":[{"taxonomy":"dipi_cpt_category","embeddable":true,"href":"https:\/\/haasarts.com\/en\/wp-json\/wp\/v2\/dipi_cpt_category?post=369"}],"curies":[{"name":"wp","href":"https:\/\/api.w.org\/{rel}","templated":true}]}}